{"id":99,"date":"2023-04-24T20:22:39","date_gmt":"2023-04-24T18:22:39","guid":{"rendered":"https:\/\/grismateriaespaiempresarial.com\/?page_id=99"},"modified":"2025-02-06T16:34:48","modified_gmt":"2025-02-06T14:34:48","slug":"contacto","status":"publish","type":"page","link":"https:\/\/grismateriaespaiempresarial.com\/old\/contacto\/","title":{"rendered":"Contacto"},"content":{"rendered":"<p>[et_pb_section fb_built=\u00bb1&#8243; admin_label=\u00bbHeader\u00bb _builder_version=\u00bb4.20.0&#8243; _module_preset=\u00bbdefault\u00bb custom_padding=\u00bb||0px|||\u00bb collapsed=\u00bboff\u00bb global_colors_info=\u00bb{}\u00bb][et_pb_row _builder_version=\u00bb4.20.0&#8243; _module_preset=\u00bbdefault\u00bb global_colors_info=\u00bb{}\u00bb][et_pb_column type=\u00bb4_4&#8243; _builder_version=\u00bb4.20.0&#8243; _module_preset=\u00bbdefault\u00bb global_colors_info=\u00bb{}\u00bb][et_pb_text _builder_version=\u00bb4.20.4&#8243; _module_preset=\u00bb0f8dc9bf-f7f8-4c20-b15c-9c297085919a\u00bb header_font=\u00bbMontserrat|500|||||||\u00bb global_colors_info=\u00bb{}\u00bb]<\/p>\n<h1>Contacta con nosotros<\/h1>\n<p>[\/et_pb_text][\/et_pb_column][\/et_pb_row][et_pb_row column_structure=\u00bb1_2,1_2&#8243; _builder_version=\u00bb4.20.0&#8243; _module_preset=\u00bbdefault\u00bb global_colors_info=\u00bb{}\u00bb][et_pb_column type=\u00bb1_2&#8243; _builder_version=\u00bb4.20.0&#8243; _module_preset=\u00bbdefault\u00bb global_colors_info=\u00bb{}\u00bb][et_pb_contact_form email=\u00bbpiscinvest@gmail.com\u00bb custom_message=\u00bbNuevo correo de %%Name%%  %%Email%%||et_pb_line_break_holder||Tel\u00e9fono: %%telefono%%||et_pb_line_break_holder||Mensaje del cliente:||et_pb_line_break_holder||%%Message%%||et_pb_line_break_holder||||et_pb_line_break_holder||Correo enviado por Grismateria Espai Empresarial.com\u00bb success_message=\u00bb\u00a1Gracias por contactar con nosotros! Su mensaje se envi\u00f3 con \u00e9xito.\u00bb _builder_version=\u00bb4.27.0&#8243; _module_preset=\u00bb7b086c12-4c39-43ab-9a28-1ca47efcaba1&#8243; title_level=\u00bbh2&#8243; title_font=\u00bbMontserrat||||||||\u00bb hover_enabled=\u00bb0&#8243; global_module=\u00bb102&#8243; saved_tabs=\u00bball\u00bb locked=\u00bboff\u00bb global_colors_info=\u00bb{}\u00bb sticky_enabled=\u00bb0&#8243;][et_pb_contact_field field_id=\u00bbName\u00bb field_title=\u00bbSu Nombre\u00bb fullwidth_field=\u00bbon\u00bb _builder_version=\u00bb4.20.4&#8243; _module_preset=\u00bbdefault\u00bb global_colors_info=\u00bb{}\u00bb button_text_size__hover_enabled=\u00bboff\u00bb button_one_text_size__hover_enabled=\u00bboff\u00bb button_two_text_size__hover_enabled=\u00bboff\u00bb button_text_color__hover_enabled=\u00bboff\u00bb button_one_text_color__hover_enabled=\u00bboff\u00bb button_two_text_color__hover_enabled=\u00bboff\u00bb button_border_width__hover_enabled=\u00bboff\u00bb button_one_border_width__hover_enabled=\u00bboff\u00bb button_two_border_width__hover_enabled=\u00bboff\u00bb button_border_color__hover_enabled=\u00bboff\u00bb button_one_border_color__hover_enabled=\u00bboff\u00bb button_two_border_color__hover_enabled=\u00bboff\u00bb button_border_radius__hover_enabled=\u00bboff\u00bb button_one_border_radius__hover_enabled=\u00bboff\u00bb button_two_border_radius__hover_enabled=\u00bboff\u00bb button_letter_spacing__hover_enabled=\u00bboff\u00bb button_one_letter_spacing__hover_enabled=\u00bboff\u00bb button_two_letter_spacing__hover_enabled=\u00bboff\u00bb button_bg_color__hover_enabled=\u00bboff\u00bb button_one_bg_color__hover_enabled=\u00bboff\u00bb button_two_bg_color__hover_enabled=\u00bboff\u00bb][\/et_pb_contact_field][et_pb_contact_field field_id=\u00bbtelefono\u00bb field_title=\u00bbSu Tel\u00e9fono\u00bb min_length=\u00bb9&#8243; max_length=\u00bb15&#8243; allowed_symbols=\u00bbnumbers\u00bb fullwidth_field=\u00bbon\u00bb _builder_version=\u00bb4.20.4&#8243; _module_preset=\u00bbdefault\u00bb global_colors_info=\u00bb{}\u00bb button_text_size__hover_enabled=\u00bboff\u00bb button_one_text_size__hover_enabled=\u00bboff\u00bb button_two_text_size__hover_enabled=\u00bboff\u00bb button_text_color__hover_enabled=\u00bboff\u00bb button_one_text_color__hover_enabled=\u00bboff\u00bb button_two_text_color__hover_enabled=\u00bboff\u00bb button_border_width__hover_enabled=\u00bboff\u00bb button_one_border_width__hover_enabled=\u00bboff\u00bb button_two_border_width__hover_enabled=\u00bboff\u00bb button_border_color__hover_enabled=\u00bboff\u00bb button_one_border_color__hover_enabled=\u00bboff\u00bb button_two_border_color__hover_enabled=\u00bboff\u00bb button_border_radius__hover_enabled=\u00bboff\u00bb button_one_border_radius__hover_enabled=\u00bboff\u00bb button_two_border_radius__hover_enabled=\u00bboff\u00bb button_letter_spacing__hover_enabled=\u00bboff\u00bb button_one_letter_spacing__hover_enabled=\u00bboff\u00bb button_two_letter_spacing__hover_enabled=\u00bboff\u00bb button_bg_color__hover_enabled=\u00bboff\u00bb button_one_bg_color__hover_enabled=\u00bboff\u00bb button_two_bg_color__hover_enabled=\u00bboff\u00bb][\/et_pb_contact_field][et_pb_contact_field field_id=\u00bbEmail\u00bb field_title=\u00bbCorreo\u00bb field_type=\u00bbemail\u00bb fullwidth_field=\u00bbon\u00bb _builder_version=\u00bb4.20.4&#8243; _module_preset=\u00bbdefault\u00bb global_colors_info=\u00bb{}\u00bb button_text_size__hover_enabled=\u00bboff\u00bb button_one_text_size__hover_enabled=\u00bboff\u00bb button_two_text_size__hover_enabled=\u00bboff\u00bb button_text_color__hover_enabled=\u00bboff\u00bb button_one_text_color__hover_enabled=\u00bboff\u00bb button_two_text_color__hover_enabled=\u00bboff\u00bb button_border_width__hover_enabled=\u00bboff\u00bb button_one_border_width__hover_enabled=\u00bboff\u00bb button_two_border_width__hover_enabled=\u00bboff\u00bb button_border_color__hover_enabled=\u00bboff\u00bb button_one_border_color__hover_enabled=\u00bboff\u00bb button_two_border_color__hover_enabled=\u00bboff\u00bb button_border_radius__hover_enabled=\u00bboff\u00bb button_one_border_radius__hover_enabled=\u00bboff\u00bb button_two_border_radius__hover_enabled=\u00bboff\u00bb button_letter_spacing__hover_enabled=\u00bboff\u00bb button_one_letter_spacing__hover_enabled=\u00bboff\u00bb button_two_letter_spacing__hover_enabled=\u00bboff\u00bb button_bg_color__hover_enabled=\u00bboff\u00bb button_one_bg_color__hover_enabled=\u00bboff\u00bb button_two_bg_color__hover_enabled=\u00bboff\u00bb][\/et_pb_contact_field][et_pb_contact_field field_id=\u00bbMessage\u00bb field_title=\u00bbMensaje para Grismateria\u00bb field_type=\u00bbtext\u00bb fullwidth_field=\u00bbon\u00bb _builder_version=\u00bb4.20.4&#8243; _module_preset=\u00bbdefault\u00bb global_colors_info=\u00bb{}\u00bb button_text_size__hover_enabled=\u00bboff\u00bb button_one_text_size__hover_enabled=\u00bboff\u00bb button_two_text_size__hover_enabled=\u00bboff\u00bb button_text_color__hover_enabled=\u00bboff\u00bb button_one_text_color__hover_enabled=\u00bboff\u00bb button_two_text_color__hover_enabled=\u00bboff\u00bb button_border_width__hover_enabled=\u00bboff\u00bb button_one_border_width__hover_enabled=\u00bboff\u00bb button_two_border_width__hover_enabled=\u00bboff\u00bb button_border_color__hover_enabled=\u00bboff\u00bb button_one_border_color__hover_enabled=\u00bboff\u00bb button_two_border_color__hover_enabled=\u00bboff\u00bb button_border_radius__hover_enabled=\u00bboff\u00bb button_one_border_radius__hover_enabled=\u00bboff\u00bb button_two_border_radius__hover_enabled=\u00bboff\u00bb button_letter_spacing__hover_enabled=\u00bboff\u00bb button_one_letter_spacing__hover_enabled=\u00bboff\u00bb button_two_letter_spacing__hover_enabled=\u00bboff\u00bb button_bg_color__hover_enabled=\u00bboff\u00bb button_one_bg_color__hover_enabled=\u00bboff\u00bb button_two_bg_color__hover_enabled=\u00bboff\u00bb][\/et_pb_contact_field][et_pb_contact_field fullwidth_field=\u00bbon\u00bb _builder_version=\u00bb4.27.0&#8243; _module_preset=\u00bbdefault\u00bb field_title=\u00bbHe le\u00eddo y acepto la cl\u00e1usula de Informaci\u00f3n sobre Protecci\u00f3n de Datos\u00bb field_type=\u00bbcheckbox\u00bb checkbox_options=\u00bb%91{%22value%22:%22He le\u00eddo y acepto la cl\u00e1usula de Informaci\u00f3n sobre Protecci\u00f3n de Datos%22,%22checked%22:0,%22dragID%22:-1,%22link_url%22:%22https:\/\/grismateriaespaiempresarial.com\/old\/politica-privacidad\/%22,%22link_text%22:%22%22},{%22value%22:%22Autorizo al tratamiento de mis datos para poder recibir informaci\u00f3n comercial por medios electr\u00f3nicos%22,%22checked%22:0,%22dragID%22:0}%93&#8243; hover_enabled=\u00bb0&#8243; sticky_enabled=\u00bb0&#8243; field_id=\u00bbpolitica\u00bb][\/et_pb_contact_field][\/et_pb_contact_form][\/et_pb_column][et_pb_column type=\u00bb1_2&#8243; _builder_version=\u00bb4.20.0&#8243; _module_preset=\u00bbdefault\u00bb global_colors_info=\u00bb{}\u00bb][et_pb_text _builder_version=\u00bb4.21.0&#8243; _module_preset=\u00bb8cc2cdf7-dbb6-49df-aa91-6a6abfc76646&#8243; link_text_color=\u00bbgcid-d52e294c-8d53-48fc-b0b1-d6c8270be311&#8243; header_4_font=\u00bbMontserrat|600|||||||\u00bb global_colors_info=\u00bb{%22gcid-d52e294c-8d53-48fc-b0b1-d6c8270be311%22:%91%22link_text_color%22%93,%22gcid-8168b1ae-7078-436a-9114-f1feb93cea55%22:%91%22link_text_color__hover%22%93}\u00bb link_text_color__hover_enabled=\u00bbon|hover\u00bb link_text_color__hover=\u00bb#002c49&#8243;]<\/p>\n<h4><a href=\"tel:+34689 11 65 02\">(+34) 689 11 65 02<\/a><\/h4>\n<p>[\/et_pb_text][et_pb_text _builder_version=\u00bb4.20.4&#8243; _module_preset=\u00bb8cc2cdf7-dbb6-49df-aa91-6a6abfc76646&#8243; link_text_color=\u00bbgcid-d52e294c-8d53-48fc-b0b1-d6c8270be311&#8243; header_4_font=\u00bbMontserrat|600|||||||\u00bb global_colors_info=\u00bb{%22gcid-d52e294c-8d53-48fc-b0b1-d6c8270be311%22:%91%22link_text_color%22%93,%22gcid-8168b1ae-7078-436a-9114-f1feb93cea55%22:%91%22link_text_color__hover%22%93}\u00bb link_text_color__hover_enabled=\u00bbon|hover\u00bb link_text_color__hover=\u00bb#002c49&#8243;]<\/p>\n<h4><a href=\"mailto:piscinvest@gmail.com\">piscinvest@gmail.com<\/a><\/h4>\n<p>[\/et_pb_text][et_pb_text _builder_version=\u00bb4.20.4&#8243; _module_preset=\u00bb8cc2cdf7-dbb6-49df-aa91-6a6abfc76646&#8243; link_text_color=\u00bbgcid-d52e294c-8d53-48fc-b0b1-d6c8270be311&#8243; header_4_font=\u00bbMontserrat|600|||||||\u00bb global_colors_info=\u00bb{%22gcid-d52e294c-8d53-48fc-b0b1-d6c8270be311%22:%91%22link_text_color%22%93,%22gcid-8168b1ae-7078-436a-9114-f1feb93cea55%22:%91%22link_text_color__hover%22%93}\u00bb link_text_color__hover_enabled=\u00bbon|hover\u00bb link_text_color__hover=\u00bb#002c49&#8243;]<\/p>\n<h4>Direcci\u00f3n:<\/h4>\n<p>Pisc Invest S.L.<\/p>\n<p>C\/ Salvador Dal\u00ed, 10<\/p>\n<p>43205 Reus<\/h4>\n<p>[\/et_pb_text][\/et_pb_column][\/et_pb_row][et_pb_row _builder_version=\u00bb4.20.4&#8243; _module_preset=\u00bbdefault\u00bb width=\u00bb100%\u00bb max_width=\u00bb100%\u00bb custom_margin=\u00bb0px||0px||true|false\u00bb custom_padding=\u00bb0px||0px||true|false\u00bb global_colors_info=\u00bb{}\u00bb][et_pb_column type=\u00bb4_4&#8243; _builder_version=\u00bb4.20.4&#8243; _module_preset=\u00bbdefault\u00bb global_colors_info=\u00bb{}\u00bb][et_pb_code _builder_version=\u00bb4.20.4&#8243; _module_preset=\u00bbdefault\u00bb global_colors_info=\u00bb{}\u00bb]<iframe data-src=\"https:\/\/www.google.com\/maps\/embed?pb=!1m18!1m12!1m3!1d4501.779630989663!2d1.1019938284919353!3d41.143748903272105!2m3!1f0!2f0!3f0!3m2!1i1024!2i768!4f13.1!3m3!1m2!1s0x12a151083400ff23%3A0x26a89362ea2cbfcc!2sGrismat%C3%A8ria%20Espai%20Empresarial!5e0!3m2!1ses!2ses!4v1682360539906!5m2!1ses!2ses\" width=\"2560\" height=\"400\" style=\"border:0;\" allowfullscreen=\"\" loading=\"lazy\" referrerpolicy=\"no-referrer-when-downgrade\" src=\"data:image\/gif;base64,R0lGODlhAQABAAAAACH5BAEKAAEALAAAAAABAAEAAAICTAEAOw==\" class=\"lazyload\" data-load-mode=\"1\"><\/iframe>[\/et_pb_code][\/et_pb_column][\/et_pb_row][\/et_pb_section]<\/p>","protected":false},"excerpt":{"rendered":"<p>Contacta con nosotros(+34) 689 11 65 02piscinvest@gmail.comDirecci\u00f3n: Pisc Invest S.L. C\/ Salvador Dal\u00ed, 10 43205 Reus<\/p>","protected":false},"author":2,"featured_media":0,"parent":0,"menu_order":0,"comment_status":"closed","ping_status":"closed","template":"","meta":{"_et_pb_use_builder":"on","_et_pb_old_content":"","_et_gb_content_width":"","_joinchat":[],"footnotes":""},"class_list":["post-99","page","type-page","status-publish","hentry"],"yoast_head":"<!-- This site is optimized with the Yoast SEO plugin v23.9 - https:\/\/yoast.com\/wordpress\/plugins\/seo\/ -->\n<title>Contacto - grismateriaespaiempresarial.com\/old<\/title>\n<meta name=\"robots\" content=\"index, follow, max-snippet:-1, max-image-preview:large, max-video-preview:-1\" \/>\n<link rel=\"canonical\" href=\"https:\/\/grismateriaespaiempresarial.com\/old\/contacto\/\" \/>\n<meta property=\"og:locale\" content=\"es_ES\" \/>\n<meta property=\"og:type\" content=\"article\" \/>\n<meta property=\"og:title\" content=\"Contacto - grismateriaespaiempresarial.com\/old\" \/>\n<meta property=\"og:description\" content=\"Contacta con nosotros(+34) 689 11 65 02piscinvest@gmail.comDirecci\u00f3n: Pisc Invest S.L. C\/ Salvador Dal\u00ed, 10 43205 Reus\" \/>\n<meta property=\"og:url\" content=\"https:\/\/grismateriaespaiempresarial.com\/old\/contacto\/\" \/>\n<meta property=\"og:site_name\" content=\"grismateriaespaiempresarial.com\/old\" \/>\n<meta property=\"article:modified_time\" content=\"2025-02-06T14:34:48+00:00\" \/>\n<meta name=\"twitter:card\" content=\"summary_large_image\" \/>\n<meta name=\"twitter:label1\" content=\"Tiempo de lectura\" \/>\n\t<meta name=\"twitter:data1\" content=\"1 minuto\" \/>\n<script type=\"application\/ld+json\" class=\"yoast-schema-graph\">{\"@context\":\"https:\/\/schema.org\",\"@graph\":[{\"@type\":\"WebPage\",\"@id\":\"https:\/\/grismateriaespaiempresarial.com\/old\/contacto\/\",\"url\":\"https:\/\/grismateriaespaiempresarial.com\/old\/contacto\/\",\"name\":\"Contacto - grismateriaespaiempresarial.com\/old\",\"isPartOf\":{\"@id\":\"https:\/\/grismateriaespaiempresarial.com\/old\/#website\"},\"datePublished\":\"2023-04-24T18:22:39+00:00\",\"dateModified\":\"2025-02-06T14:34:48+00:00\",\"breadcrumb\":{\"@id\":\"https:\/\/grismateriaespaiempresarial.com\/old\/contacto\/#breadcrumb\"},\"inLanguage\":\"es\",\"potentialAction\":[{\"@type\":\"ReadAction\",\"target\":[\"https:\/\/grismateriaespaiempresarial.com\/old\/contacto\/\"]}]},{\"@type\":\"BreadcrumbList\",\"@id\":\"https:\/\/grismateriaespaiempresarial.com\/old\/contacto\/#breadcrumb\",\"itemListElement\":[{\"@type\":\"ListItem\",\"position\":1,\"name\":\"Portada\",\"item\":\"https:\/\/grismateriaespaiempresarial.com\/old\/\"},{\"@type\":\"ListItem\",\"position\":2,\"name\":\"Contacto\"}]},{\"@type\":\"WebSite\",\"@id\":\"https:\/\/grismateriaespaiempresarial.com\/old\/#website\",\"url\":\"https:\/\/grismateriaespaiempresarial.com\/old\/\",\"name\":\"Alquiler de oficinas naves industriales y Coworking Gris Materia Empresarial\",\"description\":\"Centro empresarial en Reus\",\"publisher\":{\"@id\":\"https:\/\/grismateriaespaiempresarial.com\/old\/#organization\"},\"potentialAction\":[{\"@type\":\"SearchAction\",\"target\":{\"@type\":\"EntryPoint\",\"urlTemplate\":\"https:\/\/grismateriaespaiempresarial.com\/old\/?s={search_term_string}\"},\"query-input\":{\"@type\":\"PropertyValueSpecification\",\"valueRequired\":true,\"valueName\":\"search_term_string\"}}],\"inLanguage\":\"es\"},{\"@type\":\"Organization\",\"@id\":\"https:\/\/grismateriaespaiempresarial.com\/old\/#organization\",\"name\":\"Gris Materia\",\"url\":\"https:\/\/grismateriaespaiempresarial.com\/old\/\",\"logo\":{\"@type\":\"ImageObject\",\"inLanguage\":\"es\",\"@id\":\"https:\/\/grismateriaespaiempresarial.com\/old\/#\/schema\/logo\/image\/\",\"url\":\"https:\/\/grismateriaespaiempresarial.com\/old\/wp-content\/uploads\/2023\/06\/logo-cuadrado.jpg\",\"contentUrl\":\"https:\/\/grismateriaespaiempresarial.com\/old\/wp-content\/uploads\/2023\/06\/logo-cuadrado.jpg\",\"width\":800,\"height\":800,\"caption\":\"Gris Materia\"},\"image\":{\"@id\":\"https:\/\/grismateriaespaiempresarial.com\/old\/#\/schema\/logo\/image\/\"}}]}<\/script>\n<!-- \/ Yoast SEO plugin. -->","yoast_head_json":{"title":"Contacto - grismateriaespaiempresarial.com\/old","robots":{"index":"index","follow":"follow","max-snippet":"max-snippet:-1","max-image-preview":"max-image-preview:large","max-video-preview":"max-video-preview:-1"},"canonical":"https:\/\/grismateriaespaiempresarial.com\/old\/contacto\/","og_locale":"es_ES","og_type":"article","og_title":"Contacto - grismateriaespaiempresarial.com\/old","og_description":"Contacta con nosotros(+34) 689 11 65 02piscinvest@gmail.comDirecci\u00f3n: Pisc Invest S.L. C\/ Salvador Dal\u00ed, 10 43205 Reus","og_url":"https:\/\/grismateriaespaiempresarial.com\/old\/contacto\/","og_site_name":"grismateriaespaiempresarial.com\/old","article_modified_time":"2025-02-06T14:34:48+00:00","twitter_card":"summary_large_image","twitter_misc":{"Tiempo de lectura":"1 minuto"},"schema":{"@context":"https:\/\/schema.org","@graph":[{"@type":"WebPage","@id":"https:\/\/grismateriaespaiempresarial.com\/old\/contacto\/","url":"https:\/\/grismateriaespaiempresarial.com\/old\/contacto\/","name":"Contacto - grismateriaespaiempresarial.com\/old","isPartOf":{"@id":"https:\/\/grismateriaespaiempresarial.com\/old\/#website"},"datePublished":"2023-04-24T18:22:39+00:00","dateModified":"2025-02-06T14:34:48+00:00","breadcrumb":{"@id":"https:\/\/grismateriaespaiempresarial.com\/old\/contacto\/#breadcrumb"},"inLanguage":"es","potentialAction":[{"@type":"ReadAction","target":["https:\/\/grismateriaespaiempresarial.com\/old\/contacto\/"]}]},{"@type":"BreadcrumbList","@id":"https:\/\/grismateriaespaiempresarial.com\/old\/contacto\/#breadcrumb","itemListElement":[{"@type":"ListItem","position":1,"name":"Portada","item":"https:\/\/grismateriaespaiempresarial.com\/old\/"},{"@type":"ListItem","position":2,"name":"Contacto"}]},{"@type":"WebSite","@id":"https:\/\/grismateriaespaiempresarial.com\/old\/#website","url":"https:\/\/grismateriaespaiempresarial.com\/old\/","name":"Alquiler de oficinas naves industriales y Coworking Gris Materia Empresarial","description":"Centro empresarial en Reus","publisher":{"@id":"https:\/\/grismateriaespaiempresarial.com\/old\/#organization"},"potentialAction":[{"@type":"SearchAction","target":{"@type":"EntryPoint","urlTemplate":"https:\/\/grismateriaespaiempresarial.com\/old\/?s={search_term_string}"},"query-input":{"@type":"PropertyValueSpecification","valueRequired":true,"valueName":"search_term_string"}}],"inLanguage":"es"},{"@type":"Organization","@id":"https:\/\/grismateriaespaiempresarial.com\/old\/#organization","name":"Gris Materia","url":"https:\/\/grismateriaespaiempresarial.com\/old\/","logo":{"@type":"ImageObject","inLanguage":"es","@id":"https:\/\/grismateriaespaiempresarial.com\/old\/#\/schema\/logo\/image\/","url":"https:\/\/grismateriaespaiempresarial.com\/old\/wp-content\/uploads\/2023\/06\/logo-cuadrado.jpg","contentUrl":"https:\/\/grismateriaespaiempresarial.com\/old\/wp-content\/uploads\/2023\/06\/logo-cuadrado.jpg","width":800,"height":800,"caption":"Gris Materia"},"image":{"@id":"https:\/\/grismateriaespaiempresarial.com\/old\/#\/schema\/logo\/image\/"}}]}},"_links":{"self":[{"href":"https:\/\/grismateriaespaiempresarial.com\/old\/wp-json\/wp\/v2\/pages\/99","targetHints":{"allow":["GET"]}}],"collection":[{"href":"https:\/\/grismateriaespaiempresarial.com\/old\/wp-json\/wp\/v2\/pages"}],"about":[{"href":"https:\/\/grismateriaespaiempresarial.com\/old\/wp-json\/wp\/v2\/types\/page"}],"author":[{"embeddable":true,"href":"https:\/\/grismateriaespaiempresarial.com\/old\/wp-json\/wp\/v2\/users\/2"}],"replies":[{"embeddable":true,"href":"https:\/\/grismateriaespaiempresarial.com\/old\/wp-json\/wp\/v2\/comments?post=99"}],"version-history":[{"count":9,"href":"https:\/\/grismateriaespaiempresarial.com\/old\/wp-json\/wp\/v2\/pages\/99\/revisions"}],"predecessor-version":[{"id":207607,"href":"https:\/\/grismateriaespaiempresarial.com\/old\/wp-json\/wp\/v2\/pages\/99\/revisions\/207607"}],"wp:attachment":[{"href":"https:\/\/grismateriaespaiempresarial.com\/old\/wp-json\/wp\/v2\/media?parent=99"}],"curies":[{"name":"wp","href":"https:\/\/api.w.org\/{rel}","templated":true}]}}